{"id":4029,"date":"2021-03-28T15:44:53","date_gmt":"2021-03-28T15:44:53","guid":{"rendered":"https:\/\/valorcultural.com.br\/?page_id=4029"},"modified":"2021-03-28T15:44:53","modified_gmt":"2021-03-28T15:44:53","slug":"no-que-podemos-ajudar","status":"publish","type":"page","link":"https:\/\/hospedagempb.com\/valorcultural\/no-que-podemos-ajudar\/","title":{"rendered":"Como Podemos Ajudar?"},"content":{"rendered":"\t\t<div data-elementor-type=\"wp-page\" data-elementor-id=\"4029\" class=\"elementor elementor-4029\" data-elementor-post-type=\"page\">\n\t\t\t\t\t\t<section class=\"elementor-section elementor-top-section elementor-element elementor-element-21c6f12 elementor-section-boxed elementor-section-height-default elementor-section-height-default\" data-id=\"21c6f12\" data-element_type=\"section\" data-settings=\"{&quot;background_background&quot;:&quot;classic&quot;}\">\n\t\t\t\t\t\t<div class=\"elementor-container elementor-column-gap-default\">\n\t\t\t\t\t<div class=\"elementor-column elementor-col-100 elementor-top-column elementor-element elementor-element-642f5e4\" data-id=\"642f5e4\" data-element_type=\"column\">\n\t\t\t<div class=\"elementor-widget-wrap elementor-element-populated\">\n\t\t\t\t\t\t<div class=\"elementor-element elementor-element-0ea5dfb elementor-widget elementor-widget-heading\" data-id=\"0ea5dfb\" data-element_type=\"widget\" data-widget_type=\"heading.default\">\n\t\t\t\t<div class=\"elementor-widget-container\">\n\t\t\t\t\t<h2 class=\"elementor-heading-title elementor-size-default\">Como Podemos Ajudar?<\/h2>\t\t\t\t<\/div>\n\t\t\t\t<\/div>\n\t\t\t\t<div class=\"elementor-element elementor-element-ef48555 elementor-widget elementor-widget-text-editor\" data-id=\"ef48555\" data-element_type=\"widget\" data-widget_type=\"text-editor.default\">\n\t\t\t\t<div class=\"elementor-widget-container\">\n\t\t\t\t\t\t\t\t\t<p><span style=\"font-weight: 400;\">Estamos aqui para lhe ajudar, com o melhor que pudermos. Voc\u00ea tem no menu vertical as op\u00e7\u00f5es de entrar em contato conosco, tirar d\u00favidas sobre leis de incentivo ou outras coisas do mercado ou at\u00e9 sugerir uma pauta, se tiver coisa legal para indicar.\u00a0<\/span><\/p><p><span style=\"font-weight: 400;\">Estamos aqui tamb\u00e9m para lhe ajudar com o Perfil de Patrocinadores ou algum tipo de consultoria se precisar de alguma \u2013 temos t\u00e9cnicos para indicar sobre formata\u00e7\u00e3o de projetos ou qualquer outra que precise.\u00a0<\/span><\/p><p><span style=\"font-weight: 400;\">Nossos assinantes\/construtores podem nos consultar sobre seus projetos \u2013 vamos indicar os melhores caminhos, mas n\u00e3o formatamos projetos e nem captamos patroc\u00ednio.\u00a0<\/span><\/p><p><span style=\"font-weight: 400;\">Utilize nossos canais e nos diga: do que voc\u00ea precisa? <\/span><\/p>\t\t\t\t\t\t\t\t<\/div>\n\t\t\t\t<\/div>\n\t\t\t\t\t<\/div>\n\t\t<\/div>\n\t\t\t\t\t<\/div>\n\t\t<\/section>\n\t\t\t\t<\/div>\n\t\t","protected":false},"excerpt":{"rendered":"<p>Como Podemos Ajudar? Estamos aqui para lhe ajudar, com o melhor que pudermos. Voc\u00ea tem no menu vertical as op\u00e7\u00f5es de entrar em contato conosco, tirar d\u00favidas sobre leis de incentivo ou outras coisas do mercado ou at\u00e9 sugerir uma pauta, se tiver coisa legal para indicar.\u00a0 Estamos aqui tamb\u00e9m para lhe ajudar com o [&hellip;]<\/p>\n","protected":false},"author":1,"featured_media":0,"parent":0,"menu_order":0,"comment_status":"closed","ping_status":"closed","template":"elementor_header_footer","meta":{"footnotes":""},"class_list":["post-4029","page","type-page","status-publish","hentry"],"_links":{"self":[{"href":"https:\/\/hospedagempb.com\/valorcultural\/wp-json\/wp\/v2\/pages\/4029","targetHints":{"allow":["GET"]}}],"collection":[{"href":"https:\/\/hospedagempb.com\/valorcultural\/wp-json\/wp\/v2\/pages"}],"about":[{"href":"https:\/\/hospedagempb.com\/valorcultural\/wp-json\/wp\/v2\/types\/page"}],"author":[{"embeddable":true,"href":"https:\/\/hospedagempb.com\/valorcultural\/wp-json\/wp\/v2\/users\/1"}],"replies":[{"embeddable":true,"href":"https:\/\/hospedagempb.com\/valorcultural\/wp-json\/wp\/v2\/comments?post=4029"}],"version-history":[{"count":0,"href":"https:\/\/hospedagempb.com\/valorcultural\/wp-json\/wp\/v2\/pages\/4029\/revisions"}],"wp:attachment":[{"href":"https:\/\/hospedagempb.com\/valorcultural\/wp-json\/wp\/v2\/media?parent=4029"}],"curies":[{"name":"wp","href":"https:\/\/api.w.org\/{rel}","templated":true}]}}