{"id":64734,"date":"2024-09-17T13:39:45","date_gmt":"2024-09-17T13:39:45","guid":{"rendered":"https:\/\/projetohost.com\/valorcultural\/?page_id=64734"},"modified":"2025-10-09T00:30:18","modified_gmt":"2025-10-09T00:30:18","slug":"inicio","status":"publish","type":"page","link":"https:\/\/hospedagempb.com\/valorcultural\/","title":{"rendered":"In\u00edcio"},"content":{"rendered":"<p>O Festival \u00e9 em Caic\u00f3, munic\u00edpio localizado na regi\u00e3o do Serid\u00f3, distante 1,2 mil\/km de Natal, capital do Rio Grande do Norte. Seu objetivo \u00e9 atrair interessados que possuam curta-metragem de at\u00e9 20 minutos. O Curta Caic\u00f3 almeja incentivar a forma\u00e7\u00e3o em cinema com atividades de roteiro e oficina de linguagem audiovisual em escolas p\u00fablicas [&hellip;]<\/p>\n \t\t<div class=\"woocommerce\">\n\t\t\t<div class=\"woocommerce-info wc-memberships-restriction-message wc-memberships-message wc-memberships-content-restricted-message\">\n\t\t\t\tEste post est\u00e1 dispon\u00edvel apenas para membros.\t\t    <\/div>\n\t\t<\/div>\n\t\t","protected":false},"excerpt":{"rendered":"<p>O Festival \u00e9 em Caic\u00f3, munic\u00edpio localizado na regi\u00e3o do Serid\u00f3, distante 1,2 mil\/km de Natal, capital do Rio Grande do Norte. Seu objetivo \u00e9 atrair interessados que possuam curta-metragem de at\u00e9 20 minutos. O Curta Caic\u00f3 almeja incentivar a forma\u00e7\u00e3o em cinema com atividades de roteiro e oficina de linguagem audiovisual em escolas p\u00fablicas [&hellip;]<\/p>\n","protected":false},"author":2,"featured_media":0,"parent":0,"menu_order":0,"comment_status":"closed","ping_status":"closed","template":"elementor_header_footer","meta":{"footnotes":""},"class_list":["post-64734","page","type-page","status-publish","hentry"],"_links":{"self":[{"href":"https:\/\/hospedagempb.com\/valorcultural\/wp-json\/wp\/v2\/pages\/64734","targetHints":{"allow":["GET"]}}],"collection":[{"href":"https:\/\/hospedagempb.com\/valorcultural\/wp-json\/wp\/v2\/pages"}],"about":[{"href":"https:\/\/hospedagempb.com\/valorcultural\/wp-json\/wp\/v2\/types\/page"}],"author":[{"embeddable":true,"href":"https:\/\/hospedagempb.com\/valorcultural\/wp-json\/wp\/v2\/users\/2"}],"replies":[{"embeddable":true,"href":"https:\/\/hospedagempb.com\/valorcultural\/wp-json\/wp\/v2\/comments?post=64734"}],"version-history":[{"count":151,"href":"https:\/\/hospedagempb.com\/valorcultural\/wp-json\/wp\/v2\/pages\/64734\/revisions"}],"predecessor-version":[{"id":65443,"href":"https:\/\/hospedagempb.com\/valorcultural\/wp-json\/wp\/v2\/pages\/64734\/revisions\/65443"}],"wp:attachment":[{"href":"https:\/\/hospedagempb.com\/valorcultural\/wp-json\/wp\/v2\/media?parent=64734"}],"curies":[{"name":"wp","href":"https:\/\/api.w.org\/{rel}","templated":true}]}}